{"id":554,"date":"2021-05-09T23:59:37","date_gmt":"2021-05-09T23:59:37","guid":{"rendered":"https:\/\/hemacut.cz\/?page_id=554"},"modified":"2021-06-22T13:23:54","modified_gmt":"2021-06-22T13:23:54","slug":"hlaseni","status":"publish","type":"page","link":"https:\/\/hemacut.cz\/en\/hlaseni\/","title":{"rendered":"Hl\u00e1\u0161en\u00ed akutn\u00edch poran\u011bn\u00ed"},"content":{"rendered":"<div data-elementor-type=\"wp-page\" data-elementor-id=\"554\" class=\"elementor elementor-554\" data-elementor-settings=\"[]\">\n\t\t\t\t\t\t<div class=\"elementor-inner\">\n\t\t\t\t\t\t\t<div class=\"elementor-section-wrap\">\n\t\t\t\t\t\t\t<section class=\"elementor-section elementor-top-section elementor-element elementor-element-e77df37 elementor-section-boxed elementor-section-height-default elementor-section-height-default\" data-id=\"e77df37\" data-element_type=\"section\">\n\t\t\t\t\t\t<div class=\"elementor-container elementor-column-gap-default\">\n\t\t\t\t\t\t\t<div class=\"elementor-row\">\n\t\t\t\t\t<div class=\"elementor-column elementor-col-100 elementor-top-column elementor-element elementor-element-ebc5a9b\" data-id=\"ebc5a9b\" data-element_type=\"column\">\n\t\t\t<div class=\"elementor-column-wrap elementor-element-populated\">\n\t\t\t\t\t\t\t<div class=\"elementor-widget-wrap\">\n\t\t\t\t\t\t<div class=\"elementor-element elementor-element-78cabb1 elementor-widget elementor-widget-spacer\" data-id=\"78cabb1\" data-element_type=\"widget\" data-widget_type=\"spacer.default\">\n\t\t\t\t<div class=\"elementor-widget-container\">\n\t\t\t\t\t<div class=\"elementor-spacer\">\n\t\t\t<div class=\"elementor-spacer-inner\"><\/div>\n\t\t<\/div>\n\t\t\t\t<\/div>\n\t\t\t\t<\/div>\n\t\t\t\t<div class=\"elementor-element elementor-element-f3917d9 elementor-widget elementor-widget-heading\" data-id=\"f3917d9\" data-element_type=\"widget\" data-widget_type=\"heading.default\">\n\t\t\t\t<div class=\"elementor-widget-container\">\n\t\t\t<h1 class=\"elementor-heading-title elementor-size-default\">Adverse Events Reporting Form<\/h1>\t\t<\/div>\n\t\t\t\t<\/div>\n\t\t\t\t<div class=\"elementor-element elementor-element-75a802d elementor-widget elementor-widget-spacer\" data-id=\"75a802d\" data-element_type=\"widget\" data-widget_type=\"spacer.default\">\n\t\t\t\t<div class=\"elementor-widget-container\">\n\t\t\t\t\t<div class=\"elementor-spacer\">\n\t\t\t<div class=\"elementor-spacer-inner\"><\/div>\n\t\t<\/div>\n\t\t\t\t<\/div>\n\t\t\t\t<\/div>\n\t\t\t\t\t\t<\/div>\n\t\t\t\t\t<\/div>\n\t\t<\/div>\n\t\t\t\t\t\t\t\t<\/div>\n\t\t\t\t\t<\/div>\n\t\t<\/section>\n\t\t\t\t<section class=\"elementor-section elementor-top-section elementor-element elementor-element-061ba01 elementor-section-boxed elementor-section-height-default elementor-section-height-default\" data-id=\"061ba01\" data-element_type=\"section\">\n\t\t\t\t\t\t<div class=\"elementor-container elementor-column-gap-default\">\n\t\t\t\t\t\t\t<div class=\"elementor-row\">\n\t\t\t\t\t<div class=\"elementor-column elementor-col-100 elementor-top-column elementor-element elementor-element-95033cf\" data-id=\"95033cf\" data-element_type=\"column\">\n\t\t\t<div class=\"elementor-column-wrap elementor-element-populated\">\n\t\t\t\t\t\t\t<div class=\"elementor-widget-wrap\">\n\t\t\t\t\t\t<div class=\"elementor-element elementor-element-67cd254 elementor-widget elementor-widget-shortcode\" data-id=\"67cd254\" data-element_type=\"widget\" data-widget_type=\"shortcode.default\">\n\t\t\t\t<div class=\"elementor-widget-container\">\n\t\t\t\t\t<div class=\"elementor-shortcode\"><div class='fluentform ff-default fluentform_wrapper_1 ffs_default_wrap'><form data-form_id=\"1\" id=\"fluentform_1\" class=\"frm-fluent-form fluent_form_1 ff-el-form-top ff_form_instance_1_1 ff-form-loading ff_has_v3_recptcha ffs_default\" data-form_instance=\"ff_form_instance_1_1\" method=\"POST\" data-recptcha_key=\"6LecK9MqAAAAAClCJ2SptJOARQGPZP4HCAhKB7LC\" action=\"\" ><fieldset  style=\"border: none!important;margin: 0!important;padding: 0!important;background-color: transparent!important;box-shadow: none!important;outline: none!important; min-inline-size: 100%;\">\n                    <legend class=\"ff_screen_reader_title\" style=\"display: block; margin: 0!important;padding: 0!important;height: 0!important;text-indent: -999999px;width: 0!important;overflow:hidden;\">Blank Form (#1)<\/legend>        <div\n                style=\"display: none!important; position: absolute!important; transform: translateX(1000%)!important;\"\n                class=\"ff-el-group ff-hpsf-container\"\n        >\n            <div class=\"ff-el-input--label asterisk-right\">\n                <label for=\"ff_1_item_sf\" aria-label=\"Notify\">\n                    Notify                <\/label>\n            <\/div>\n            <div class=\"ff-el-input--content\">\n                <input type=\"text\"\n                       name=\"item_1__fluent_sf\"\n                       class=\"ff-el-form-control\"\n                       id=\"ff_1_item_sf\"\n                \/>\n            <\/div>\n        <\/div>\n        <input type='hidden' name='__fluent_form_embded_post_id' value='554' \/><input type=\"hidden\" id=\"_fluentform_1_fluentformnonce\" name=\"_fluentform_1_fluentformnonce\" value=\"ce91d8e36d\" \/><input type=\"hidden\" name=\"_wp_http_referer\" value=\"\/en\/wp-json\/wp\/v2\/pages\/554\" \/><div class='ff-el-group ff-el-form-top'><div class=\"ff-el-input--label ff-el-is-required asterisk-right\"><label for='ff_1_dropdown' aria-label=\"Country\">Country<\/label><\/div><div class='ff-el-input--content'><select name=\"dropdown\" id=\"ff_1_dropdown\" class=\"ff-el-form-control\" data-name=\"dropdown\" data-calc_value=\"0\"  aria-invalid=\"false\" aria-required=\"true\"><option value=\"\">- Select -<\/option><option value=\"\u010cR\"  >\u010cR<\/option><option value=\"SR\"  >SR<\/option><option value=\"PL\"  >PL<\/option><option value=\"SP\"  >SP<\/option><option value=\"UAE\"  >UAE<\/option><option value=\"BRN\"  >BRN<\/option><option value=\"BH\"  >BH<\/option><option value=\"KW\"  >KW<\/option><option value=\"KT\"  >KT<\/option><option value=\"BE\"  >BE<\/option><option value=\"DE\"  >DE<\/option><option value=\"A\"  >A<\/option><option value=\"CH\"  >CH<\/option><option value=\"HU\"  >HU<\/option><\/select><\/div><\/div><div class='ff-el-group'><div class=\"ff-el-input--label ff-el-is-required asterisk-right\"><label  aria-label=\"Patient\">Patient<\/label><\/div><div class='ff-el-input--content'><div class='ff-el-form-check ff-el-form-check-'><label class='ff-el-form-check-label' for=\"input_radio_42a2e5f93a28ce41cbfcd26f54b60fee\"><input  type=\"radio\" name=\"input_radio\" data-name=\"input_radio\" class=\"ff-el-form-check-input ff-el-form-check-radio\" value=\"Mu\u017e\"  id='input_radio_42a2e5f93a28ce41cbfcd26f54b60fee' aria-label='Male' aria-invalid='false' aria-required=\"true\"> <span>Male<\/span><\/label><\/div><div class='ff-el-form-check ff-el-form-check-'><label class='ff-el-form-check-label' for=\"input_radio_f1ebdb8fa297bc61143fc003d9577b35\"><input  type=\"radio\" name=\"input_radio\" data-name=\"input_radio\" class=\"ff-el-form-check-input ff-el-form-check-radio\" value=\"\u017dena\"  id='input_radio_f1ebdb8fa297bc61143fc003d9577b35' aria-label='Female' aria-invalid='false' aria-required=\"true\"> <span>Female<\/span><\/label><\/div><\/div><\/div><div class='ff-el-group'><div class=\"ff-el-input--label ff-el-is-required asterisk-right\"><label for='ff_1_numeric-field' aria-label=\"Age\">Age<\/label><\/div><div class='ff-el-input--content'><input type=\"number\" name=\"numeric-field\" id=\"ff_1_numeric-field\" class=\"ff-el-form-control\" data-name=\"numeric-field\" inputmode=\"numeric\" step=\"any\" max=\"100\" aria-valuemax=\"100\"  aria-invalid=\"false\" aria-required=\"true\"><\/div><\/div><div class='ff-el-group'><div class=\"ff-el-input--label ff-el-is-required asterisk-right\"><label for='ff_1_email' aria-label=\"E-mail\">E-mail<\/label><\/div><div class='ff-el-input--content'><input type=\"email\" name=\"email\" id=\"ff_1_email\" class=\"ff-el-form-control\" placeholder=\"E-mail\" data-name=\"email\"  aria-invalid=\"false\" aria-required=\"true\"><\/div><\/div><div class='ff-el-group'><div class=\"ff-el-input--label ff-el-is-required asterisk-right\"><label for='ff_1_numeric-field_1' aria-label=\"Phone number\">Phone number<\/label><\/div><div class='ff-el-input--content'><input type=\"number\" name=\"numeric-field_1\" id=\"ff_1_numeric-field_1\" class=\"ff-el-form-control\" data-name=\"numeric-field_1\" inputmode=\"numeric\" step=\"any\"  aria-invalid=\"false\" aria-required=\"true\"><\/div><\/div><div class='ff-el-group'><div class=\"ff-el-input--label ff-el-is-required asterisk-right\"><label  aria-label=\"Wound type\">Wound type<\/label><\/div><div class='ff-el-input--content'><div class='ff-el-form-check ff-el-form-check-'><label class='ff-el-form-check-label' for=\"input_radio_1_9dd3cbe6b0f88ab1b692e6d43f004117\"><input  type=\"radio\" name=\"input_radio_1\" data-name=\"input_radio_1\" class=\"ff-el-form-check-input ff-el-form-check-radio\" value=\"Pop\u00e1lenina\"  id='input_radio_1_9dd3cbe6b0f88ab1b692e6d43f004117' aria-label='Burn' aria-invalid='false' aria-required=\"true\"> <span>Burn<\/span><\/label><\/div><div class='ff-el-form-check ff-el-form-check-'><label class='ff-el-form-check-label' for=\"input_radio_1_01ccee22f923a7789ee9f656e56d7275\"><input  type=\"radio\" name=\"input_radio_1\" data-name=\"input_radio_1\" class=\"ff-el-form-check-input ff-el-form-check-radio\" value=\"Od\u0159enina\"  id='input_radio_1_01ccee22f923a7789ee9f656e56d7275' aria-label='Abrasion' aria-invalid='false' aria-required=\"true\"> <span>Abrasion<\/span><\/label><\/div><div class='ff-el-form-check ff-el-form-check-'><label class='ff-el-form-check-label' for=\"input_radio_1_5256d92269c01026e877c8dd0b930303\"><input  type=\"radio\" name=\"input_radio_1\" data-name=\"input_radio_1\" class=\"ff-el-form-check-input ff-el-form-check-radio\" value=\"\u0158ezn\u00e1\/se\u010dn\u00e1 r\u00e1na\"  id='input_radio_1_5256d92269c01026e877c8dd0b930303' aria-label='Cutting wound' aria-invalid='false' aria-required=\"true\"> <span>Cutting wound<\/span><\/label><\/div><div class='ff-el-form-check ff-el-form-check-'><label class='ff-el-form-check-label' for=\"input_radio_1_a97e34236059843ccebed93ca910994d\"><input  type=\"radio\" name=\"input_radio_1\" data-name=\"input_radio_1\" class=\"ff-el-form-check-input ff-el-form-check-radio\" value=\"Puch\u00fd\u0159e a drobn\u00e1 poran\u011bn\u00ed\"  id='input_radio_1_a97e34236059843ccebed93ca910994d' aria-label='Blisters and minor injuries' aria-invalid='false' aria-required=\"true\"> <span>Blisters and minor injuries<\/span><\/label><\/div><\/div><\/div><div class='ff-el-group'><div class=\"ff-el-input--label ff-el-is-required asterisk-right\"><label for='ff_1_input_text' aria-label=\"Adverse event:\">Adverse event:<\/label><\/div><div class='ff-el-input--content'><input type=\"text\" name=\"input_text\" class=\"ff-el-form-control\" data-name=\"input_text\" id=\"ff_1_input_text\"  aria-invalid=\"false\" aria-required=\"true\"><\/div><\/div><div class='ff-el-group'><div class=\"ff-el-input--label ff-el-is-required asterisk-right\"><label for='ff_1_input_text_1' aria-label=\"Did you try to treat the wound? Specify how:\">Did you try to treat the wound? Specify how:<\/label><\/div><div class='ff-el-input--content'><input type=\"text\" name=\"input_text_1\" class=\"ff-el-form-control\" data-name=\"input_text_1\" id=\"ff_1_input_text_1\"  aria-invalid=\"false\" aria-required=\"true\"><\/div><\/div><div class='ff-el-group ff-text-left ff_submit_btn_wrapper'><button type=\"submit\" class=\"ff-btn ff-btn-submit ff-btn-md ff_btn_style\" >Send<\/button><\/div><\/fieldset><input type=\"hidden\" name=\"trp-form-language\" value=\"en\"\/><\/form><div id='fluentform_1_errors' class='ff-errors-in-stack ff_form_instance_1_1 ff-form-loading_errors ff_form_instance_1_1_errors'><\/div><\/div>            <script type=\"text\/javascript\">\n                window.fluent_form_ff_form_instance_1_1 = {\"id\":\"1\",\"settings\":{\"layout\":{\"labelPlacement\":\"top\",\"helpMessagePlacement\":\"with_label\",\"errorMessagePlacement\":\"inline\",\"asteriskPlacement\":\"asterisk-right\"},\"restrictions\":{\"denyEmptySubmission\":{\"enabled\":false}}},\"form_instance\":\"ff_form_instance_1_1\",\"form_id_selector\":\"fluentform_1\",\"rules\":{\"dropdown\":{\"required\":{\"value\":true,\"message\":\"This field is required\",\"global\":false,\"global_message\":\"This field is required\"}},\"input_radio\":{\"required\":{\"value\":true,\"message\":\"This field is required\",\"global\":false,\"global_message\":\"This field is required\"}},\"numeric-field\":{\"required\":{\"value\":true,\"message\":\"This field is required\",\"global\":false,\"global_message\":\"This field is required\"},\"numeric\":{\"value\":true,\"message\":\"This field must contain numeric value\",\"global\":false,\"global_message\":\"This field must contain numeric value\"},\"min\":{\"value\":\"\",\"message\":\"Minimum value is \",\"global\":false,\"global_message\":\"Validation fails for minimum value\"},\"max\":{\"value\":\"100\",\"message\":\"Max\",\"global\":false,\"global_message\":\"Validation fails for maximum value\"}},\"email\":{\"required\":{\"value\":true,\"message\":\"This field is required\",\"global\":false,\"global_message\":\"This field is required\"},\"email\":{\"value\":true,\"message\":\"This field must contain a valid email\",\"global\":false,\"global_message\":\"This field must contain a valid email\"}},\"numeric-field_1\":{\"required\":{\"value\":true,\"message\":\"Vy\\u017eadov\\u00e1no\",\"global\":false,\"global_message\":\"This field is required\"},\"numeric\":{\"value\":true,\"message\":\"This field must contain numeric value\",\"global\":false,\"global_message\":\"This field must contain numeric value\"},\"min\":{\"value\":\"\",\"message\":\"Minimum value is \",\"global\":false,\"global_message\":\"Validation fails for minimum value\"},\"max\":{\"value\":\"\",\"message\":\"Maximum value is \",\"global\":false,\"global_message\":\"Validation fails for maximum value\"}},\"input_radio_1\":{\"required\":{\"value\":true,\"message\":\"This field is required\",\"global\":false,\"global_message\":\"This field is required\"}},\"input_text\":{\"required\":{\"value\":true,\"message\":\"This field is required\",\"global\":false,\"global_message\":\"This field is required\"}},\"input_text_1\":{\"required\":{\"value\":true,\"message\":\"This field is required\",\"global\":false,\"global_message\":\"This field is required\"}},\"g-recaptcha-response\":[]},\"debounce_time\":300};\n                            <\/script>\n            \n<\/div>\n\t\t\t\t<\/div>\n\t\t\t\t<\/div>\n\t\t\t\t\t\t<\/div>\n\t\t\t\t\t<\/div>\n\t\t<\/div>\n\t\t\t\t\t\t\t\t<\/div>\n\t\t\t\t\t<\/div>\n\t\t<\/section>\n\t\t\t\t\t\t<\/div>\n\t\t\t\t\t\t<\/div>\n\t\t\t\t\t<\/div>","protected":false},"excerpt":{"rendered":"<p>Adverse Events Reporting Form<\/p>","protected":false},"author":1,"featured_media":0,"parent":0,"menu_order":0,"comment_status":"closed","ping_status":"closed","template":"","meta":{"footnotes":""},"class_list":["post-554","page","type-page","status-publish","hentry"],"yoast_head":"<!-- This site is optimized with the Yoast SEO plugin v26.1.1 - https:\/\/yoast.com\/wordpress\/plugins\/seo\/ -->\n<title>Hl\u00e1\u0161en\u00ed akutn\u00edch poran\u011bn\u00ed HemaCut\u00aeSPRAY<\/title>\n<meta name=\"description\" content=\"Hemacut Spray k hojen\u00ed akutn\u00edch poran\u011bn\u00ed.\" \/>\n<meta name=\"robots\" content=\"index, follow, max-snippet:-1, max-image-preview:large, max-video-preview:-1\" \/>\n<link rel=\"canonical\" href=\"https:\/\/hemacut.cz\/en\/hlaseni\/\" \/>\n<meta property=\"og:locale\" content=\"en_US\" \/>\n<meta property=\"og:type\" content=\"article\" \/>\n<meta property=\"og:title\" content=\"Hl\u00e1\u0161en\u00ed akutn\u00edch poran\u011bn\u00ed HemaCut\u00aeSPRAY\" \/>\n<meta property=\"og:description\" content=\"Hemacut Spray k hojen\u00ed akutn\u00edch poran\u011bn\u00ed.\" \/>\n<meta property=\"og:url\" content=\"https:\/\/hemacut.cz\/en\/hlaseni\/\" \/>\n<meta property=\"og:site_name\" content=\"HemaCut\u00aeSPRAY\" \/>\n<meta property=\"article:modified_time\" content=\"2021-06-22T13:23:54+00:00\" \/>\n<meta name=\"twitter:card\" content=\"summary_large_image\" \/>\n<meta name=\"twitter:label1\" content=\"Est. reading time\" \/>\n\t<meta name=\"twitter:data1\" content=\"1 minute\" \/>\n<script type=\"application\/ld+json\" class=\"yoast-schema-graph\">{\"@context\":\"https:\/\/schema.org\",\"@graph\":[{\"@type\":\"WebPage\",\"@id\":\"https:\/\/hemacut.cz\/hlaseni\/\",\"url\":\"https:\/\/hemacut.cz\/hlaseni\/\",\"name\":\"Hl\u00e1\u0161en\u00ed akutn\u00edch poran\u011bn\u00ed HemaCut\u00aeSPRAY\",\"isPartOf\":{\"@id\":\"https:\/\/hemacut.cz\/#website\"},\"datePublished\":\"2021-05-09T23:59:37+00:00\",\"dateModified\":\"2021-06-22T13:23:54+00:00\",\"description\":\"Hemacut Spray k hojen\u00ed akutn\u00edch poran\u011bn\u00ed.\",\"breadcrumb\":{\"@id\":\"https:\/\/hemacut.cz\/hlaseni\/#breadcrumb\"},\"inLanguage\":\"en-US\",\"potentialAction\":[{\"@type\":\"ReadAction\",\"target\":[\"https:\/\/hemacut.cz\/hlaseni\/\"]}]},{\"@type\":\"BreadcrumbList\",\"@id\":\"https:\/\/hemacut.cz\/hlaseni\/#breadcrumb\",\"itemListElement\":[{\"@type\":\"ListItem\",\"position\":1,\"name\":\"Home\",\"item\":\"https:\/\/hemacut.cz\/\"},{\"@type\":\"ListItem\",\"position\":2,\"name\":\"Hl\u00e1\u0161en\u00ed akutn\u00edch poran\u011bn\u00ed\"}]},{\"@type\":\"WebSite\",\"@id\":\"https:\/\/hemacut.cz\/#website\",\"url\":\"https:\/\/hemacut.cz\/\",\"name\":\"HemaCut\u00aeSPRAY\",\"description\":\"Sprej k hojen\u00ed akutn\u00edch poran\u011bn\u00ed kter\u00fd nep\u00e1l\u00ed, tlum\u00ed bolest a urychluje hojen\u00ed\",\"publisher\":{\"@id\":\"https:\/\/hemacut.cz\/#organization\"},\"potentialAction\":[{\"@type\":\"SearchAction\",\"target\":{\"@type\":\"EntryPoint\",\"urlTemplate\":\"https:\/\/hemacut.cz\/?s={search_term_string}\"},\"query-input\":{\"@type\":\"PropertyValueSpecification\",\"valueRequired\":true,\"valueName\":\"search_term_string\"}}],\"inLanguage\":\"en-US\"},{\"@type\":\"Organization\",\"@id\":\"https:\/\/hemacut.cz\/#organization\",\"name\":\"Hemacut\",\"url\":\"https:\/\/hemacut.cz\/\",\"logo\":{\"@type\":\"ImageObject\",\"inLanguage\":\"en-US\",\"@id\":\"https:\/\/hemacut.cz\/#\/schema\/logo\/image\/\",\"url\":\"https:\/\/hemacut.cz\/wp-content\/uploads\/2021\/05\/Logo-HemaCut-Spray-barva.png\",\"contentUrl\":\"https:\/\/hemacut.cz\/wp-content\/uploads\/2021\/05\/Logo-HemaCut-Spray-barva.png\",\"width\":1470,\"height\":882,\"caption\":\"Hemacut\"},\"image\":{\"@id\":\"https:\/\/hemacut.cz\/#\/schema\/logo\/image\/\"},\"sameAs\":[\"https:\/\/www.youtube.com\/channel\/UCisyDc8AsdIuJXSlcA58Q-A\"]}]}<\/script>\n<!-- \/ Yoast SEO plugin. -->","yoast_head_json":{"title":"Hl\u00e1\u0161en\u00ed akutn\u00edch poran\u011bn\u00ed HemaCut\u00aeSPRAY","description":"Hemacut Spray k hojen\u00ed akutn\u00edch poran\u011bn\u00ed.","robots":{"index":"index","follow":"follow","max-snippet":"max-snippet:-1","max-image-preview":"max-image-preview:large","max-video-preview":"max-video-preview:-1"},"canonical":"https:\/\/hemacut.cz\/en\/hlaseni\/","og_locale":"en_US","og_type":"article","og_title":"Hl\u00e1\u0161en\u00ed akutn\u00edch poran\u011bn\u00ed HemaCut\u00aeSPRAY","og_description":"Hemacut Spray k hojen\u00ed akutn\u00edch poran\u011bn\u00ed.","og_url":"https:\/\/hemacut.cz\/en\/hlaseni\/","og_site_name":"HemaCut\u00aeSPRAY","article_modified_time":"2021-06-22T13:23:54+00:00","twitter_card":"summary_large_image","twitter_misc":{"Est. reading time":"1 minute"},"schema":{"@context":"https:\/\/schema.org","@graph":[{"@type":"WebPage","@id":"https:\/\/hemacut.cz\/hlaseni\/","url":"https:\/\/hemacut.cz\/hlaseni\/","name":"Hl\u00e1\u0161en\u00ed akutn\u00edch poran\u011bn\u00ed HemaCut\u00aeSPRAY","isPartOf":{"@id":"https:\/\/hemacut.cz\/#website"},"datePublished":"2021-05-09T23:59:37+00:00","dateModified":"2021-06-22T13:23:54+00:00","description":"Hemacut Spray k hojen\u00ed akutn\u00edch poran\u011bn\u00ed.","breadcrumb":{"@id":"https:\/\/hemacut.cz\/hlaseni\/#breadcrumb"},"inLanguage":"en-US","potentialAction":[{"@type":"ReadAction","target":["https:\/\/hemacut.cz\/hlaseni\/"]}]},{"@type":"BreadcrumbList","@id":"https:\/\/hemacut.cz\/hlaseni\/#breadcrumb","itemListElement":[{"@type":"ListItem","position":1,"name":"Home","item":"https:\/\/hemacut.cz\/"},{"@type":"ListItem","position":2,"name":"Hl\u00e1\u0161en\u00ed akutn\u00edch poran\u011bn\u00ed"}]},{"@type":"WebSite","@id":"https:\/\/hemacut.cz\/#website","url":"https:\/\/hemacut.cz\/","name":"HemaCut\u00aeSPRAY","description":"Sprej k hojen\u00ed akutn\u00edch poran\u011bn\u00ed kter\u00fd nep\u00e1l\u00ed, tlum\u00ed bolest a urychluje hojen\u00ed","publisher":{"@id":"https:\/\/hemacut.cz\/#organization"},"potentialAction":[{"@type":"SearchAction","target":{"@type":"EntryPoint","urlTemplate":"https:\/\/hemacut.cz\/?s={search_term_string}"},"query-input":{"@type":"PropertyValueSpecification","valueRequired":true,"valueName":"search_term_string"}}],"inLanguage":"en-US"},{"@type":"Organization","@id":"https:\/\/hemacut.cz\/#organization","name":"Hemacut","url":"https:\/\/hemacut.cz\/","logo":{"@type":"ImageObject","inLanguage":"en-US","@id":"https:\/\/hemacut.cz\/#\/schema\/logo\/image\/","url":"https:\/\/hemacut.cz\/wp-content\/uploads\/2021\/05\/Logo-HemaCut-Spray-barva.png","contentUrl":"https:\/\/hemacut.cz\/wp-content\/uploads\/2021\/05\/Logo-HemaCut-Spray-barva.png","width":1470,"height":882,"caption":"Hemacut"},"image":{"@id":"https:\/\/hemacut.cz\/#\/schema\/logo\/image\/"},"sameAs":["https:\/\/www.youtube.com\/channel\/UCisyDc8AsdIuJXSlcA58Q-A"]}]}},"_links":{"self":[{"href":"https:\/\/hemacut.cz\/en\/wp-json\/wp\/v2\/pages\/554","targetHints":{"allow":["GET"]}}],"collection":[{"href":"https:\/\/hemacut.cz\/en\/wp-json\/wp\/v2\/pages"}],"about":[{"href":"https:\/\/hemacut.cz\/en\/wp-json\/wp\/v2\/types\/page"}],"author":[{"embeddable":true,"href":"https:\/\/hemacut.cz\/en\/wp-json\/wp\/v2\/users\/1"}],"replies":[{"embeddable":true,"href":"https:\/\/hemacut.cz\/en\/wp-json\/wp\/v2\/comments?post=554"}],"version-history":[{"count":19,"href":"https:\/\/hemacut.cz\/en\/wp-json\/wp\/v2\/pages\/554\/revisions"}],"predecessor-version":[{"id":967,"href":"https:\/\/hemacut.cz\/en\/wp-json\/wp\/v2\/pages\/554\/revisions\/967"}],"wp:attachment":[{"href":"https:\/\/hemacut.cz\/en\/wp-json\/wp\/v2\/media?parent=554"}],"curies":[{"name":"wp","href":"https:\/\/api.w.org\/{rel}","templated":true}]}}