{"id":998,"date":"2024-06-11T10:22:32","date_gmt":"2024-06-11T10:22:32","guid":{"rendered":"https:\/\/hemacut.cz\/imprint\/"},"modified":"2024-06-11T10:22:32","modified_gmt":"2024-06-11T10:22:32","slug":"imprint","status":"publish","type":"page","link":"https:\/\/hemacut.cz\/en\/imprint\/","title":{"rendered":"Imprint"},"content":{"rendered":"<!-- Legal document generated by Complianz | GDPR\/CCPA Cookie Consent https:\/\/wordpress.org\/plugins\/complianz-gdpr -->\n<div id=\"cmplz-document\" class=\"cmplz-document impressum cmplz-document-all\"><p><i>This imprint was last updated on February 10, 2025.<\/i><\/p><p class=\"cmplz-subtitle\">The owner of this website is:<\/p><p>VH Pharma, a. s. <br>Jakubsk\u00e1 647\/2<br>Czech Republic<br>Email:&nbsp;<span class=\"cmplz-obfuscate\">h&#101;&#109;age&#108;@<span class=\"cmplz-fmail-domain\">&#101;x.c&#111;&#109;<\/span>&#118;hph&#097;&#114;m&#097;&#046;&#099;z<\/span><br>Phone number: 737 216 164<br>VAT ID:&nbsp;CZ28089529<\/p><p class=\"cmplz-subtitle\">The legal representative(s) of VH Pharma, a. s. :<\/p><p>Bohumil H\u00e1na<\/p><h2>1. General<\/h2><p class=\"cmplz-subtitle\">1.1 We are registered at M\u011bstsk\u00fd soudu v Praze under the license or registration number:<\/p><p>B 17224<\/p><p>We are not willing or obliged to participate in dispute resolution procedures before a consumer arbitration board.<\/p><\/div>","protected":false},"excerpt":{"rendered":"","protected":false},"author":1,"featured_media":0,"parent":0,"menu_order":0,"comment_status":"closed","ping_status":"closed","template":"","meta":{"footnotes":""},"class_list":["post-998","page","type-page","status-publish","hentry"],"yoast_head":"<!-- This site is optimized with the Yoast SEO plugin v26.1.1 - https:\/\/yoast.com\/wordpress\/plugins\/seo\/ -->\n<title>Imprint - HemaCut\u00aeSPRAY<\/title>\n<meta name=\"description\" content=\"Hemacut Spray k hojen\u00ed akutn\u00edch poran\u011bn\u00ed.\" \/>\n<meta name=\"robots\" content=\"index, follow, max-snippet:-1, max-image-preview:large, max-video-preview:-1\" \/>\n<link rel=\"canonical\" href=\"https:\/\/hemacut.cz\/en\/imprint\/\" \/>\n<meta property=\"og:locale\" content=\"en_US\" \/>\n<meta property=\"og:type\" content=\"article\" \/>\n<meta property=\"og:title\" content=\"Imprint - HemaCut\u00aeSPRAY\" \/>\n<meta property=\"og:description\" content=\"Hemacut Spray k hojen\u00ed akutn\u00edch poran\u011bn\u00ed.\" \/>\n<meta property=\"og:url\" content=\"https:\/\/hemacut.cz\/en\/imprint\/\" \/>\n<meta property=\"og:site_name\" content=\"HemaCut\u00aeSPRAY\" \/>\n<meta name=\"twitter:card\" content=\"summary_large_image\" \/>\n<script type=\"application\/ld+json\" class=\"yoast-schema-graph\">{\"@context\":\"https:\/\/schema.org\",\"@graph\":[{\"@type\":\"WebPage\",\"@id\":\"https:\/\/hemacut.cz\/imprint\/\",\"url\":\"https:\/\/hemacut.cz\/imprint\/\",\"name\":\"Imprint - HemaCut\u00aeSPRAY\",\"isPartOf\":{\"@id\":\"https:\/\/hemacut.cz\/#website\"},\"datePublished\":\"2024-06-11T10:22:32+00:00\",\"description\":\"Hemacut Spray k hojen\u00ed akutn\u00edch poran\u011bn\u00ed.\",\"breadcrumb\":{\"@id\":\"https:\/\/hemacut.cz\/imprint\/#breadcrumb\"},\"inLanguage\":\"en-US\",\"potentialAction\":[{\"@type\":\"ReadAction\",\"target\":[\"https:\/\/hemacut.cz\/imprint\/\"]}]},{\"@type\":\"BreadcrumbList\",\"@id\":\"https:\/\/hemacut.cz\/imprint\/#breadcrumb\",\"itemListElement\":[{\"@type\":\"ListItem\",\"position\":1,\"name\":\"Home\",\"item\":\"https:\/\/hemacut.cz\/\"},{\"@type\":\"ListItem\",\"position\":2,\"name\":\"Imprint\"}]},{\"@type\":\"WebSite\",\"@id\":\"https:\/\/hemacut.cz\/#website\",\"url\":\"https:\/\/hemacut.cz\/\",\"name\":\"HemaCut\u00aeSPRAY\",\"description\":\"Sprej k hojen\u00ed akutn\u00edch poran\u011bn\u00ed kter\u00fd nep\u00e1l\u00ed, tlum\u00ed bolest a urychluje hojen\u00ed\",\"publisher\":{\"@id\":\"https:\/\/hemacut.cz\/#organization\"},\"potentialAction\":[{\"@type\":\"SearchAction\",\"target\":{\"@type\":\"EntryPoint\",\"urlTemplate\":\"https:\/\/hemacut.cz\/?s={search_term_string}\"},\"query-input\":{\"@type\":\"PropertyValueSpecification\",\"valueRequired\":true,\"valueName\":\"search_term_string\"}}],\"inLanguage\":\"en-US\"},{\"@type\":\"Organization\",\"@id\":\"https:\/\/hemacut.cz\/#organization\",\"name\":\"Hemacut\",\"url\":\"https:\/\/hemacut.cz\/\",\"logo\":{\"@type\":\"ImageObject\",\"inLanguage\":\"en-US\",\"@id\":\"https:\/\/hemacut.cz\/#\/schema\/logo\/image\/\",\"url\":\"https:\/\/hemacut.cz\/wp-content\/uploads\/2021\/05\/Logo-HemaCut-Spray-barva.png\",\"contentUrl\":\"https:\/\/hemacut.cz\/wp-content\/uploads\/2021\/05\/Logo-HemaCut-Spray-barva.png\",\"width\":1470,\"height\":882,\"caption\":\"Hemacut\"},\"image\":{\"@id\":\"https:\/\/hemacut.cz\/#\/schema\/logo\/image\/\"},\"sameAs\":[\"https:\/\/www.youtube.com\/channel\/UCisyDc8AsdIuJXSlcA58Q-A\"]}]}<\/script>\n<!-- \/ Yoast SEO plugin. -->","yoast_head_json":{"title":"Imprint - HemaCut\u00aeSPRAY","description":"Hemacut Spray k hojen\u00ed akutn\u00edch poran\u011bn\u00ed.","robots":{"index":"index","follow":"follow","max-snippet":"max-snippet:-1","max-image-preview":"max-image-preview:large","max-video-preview":"max-video-preview:-1"},"canonical":"https:\/\/hemacut.cz\/en\/imprint\/","og_locale":"en_US","og_type":"article","og_title":"Imprint - HemaCut\u00aeSPRAY","og_description":"Hemacut Spray k hojen\u00ed akutn\u00edch poran\u011bn\u00ed.","og_url":"https:\/\/hemacut.cz\/en\/imprint\/","og_site_name":"HemaCut\u00aeSPRAY","twitter_card":"summary_large_image","schema":{"@context":"https:\/\/schema.org","@graph":[{"@type":"WebPage","@id":"https:\/\/hemacut.cz\/imprint\/","url":"https:\/\/hemacut.cz\/imprint\/","name":"Imprint - HemaCut\u00aeSPRAY","isPartOf":{"@id":"https:\/\/hemacut.cz\/#website"},"datePublished":"2024-06-11T10:22:32+00:00","description":"Hemacut Spray k hojen\u00ed akutn\u00edch poran\u011bn\u00ed.","breadcrumb":{"@id":"https:\/\/hemacut.cz\/imprint\/#breadcrumb"},"inLanguage":"en-US","potentialAction":[{"@type":"ReadAction","target":["https:\/\/hemacut.cz\/imprint\/"]}]},{"@type":"BreadcrumbList","@id":"https:\/\/hemacut.cz\/imprint\/#breadcrumb","itemListElement":[{"@type":"ListItem","position":1,"name":"Home","item":"https:\/\/hemacut.cz\/"},{"@type":"ListItem","position":2,"name":"Imprint"}]},{"@type":"WebSite","@id":"https:\/\/hemacut.cz\/#website","url":"https:\/\/hemacut.cz\/","name":"HemaCut\u00aeSPRAY","description":"Sprej k hojen\u00ed akutn\u00edch poran\u011bn\u00ed kter\u00fd nep\u00e1l\u00ed, tlum\u00ed bolest a urychluje hojen\u00ed","publisher":{"@id":"https:\/\/hemacut.cz\/#organization"},"potentialAction":[{"@type":"SearchAction","target":{"@type":"EntryPoint","urlTemplate":"https:\/\/hemacut.cz\/?s={search_term_string}"},"query-input":{"@type":"PropertyValueSpecification","valueRequired":true,"valueName":"search_term_string"}}],"inLanguage":"en-US"},{"@type":"Organization","@id":"https:\/\/hemacut.cz\/#organization","name":"Hemacut","url":"https:\/\/hemacut.cz\/","logo":{"@type":"ImageObject","inLanguage":"en-US","@id":"https:\/\/hemacut.cz\/#\/schema\/logo\/image\/","url":"https:\/\/hemacut.cz\/wp-content\/uploads\/2021\/05\/Logo-HemaCut-Spray-barva.png","contentUrl":"https:\/\/hemacut.cz\/wp-content\/uploads\/2021\/05\/Logo-HemaCut-Spray-barva.png","width":1470,"height":882,"caption":"Hemacut"},"image":{"@id":"https:\/\/hemacut.cz\/#\/schema\/logo\/image\/"},"sameAs":["https:\/\/www.youtube.com\/channel\/UCisyDc8AsdIuJXSlcA58Q-A"]}]}},"_links":{"self":[{"href":"https:\/\/hemacut.cz\/en\/wp-json\/wp\/v2\/pages\/998","targetHints":{"allow":["GET"]}}],"collection":[{"href":"https:\/\/hemacut.cz\/en\/wp-json\/wp\/v2\/pages"}],"about":[{"href":"https:\/\/hemacut.cz\/en\/wp-json\/wp\/v2\/types\/page"}],"author":[{"embeddable":true,"href":"https:\/\/hemacut.cz\/en\/wp-json\/wp\/v2\/users\/1"}],"replies":[{"embeddable":true,"href":"https:\/\/hemacut.cz\/en\/wp-json\/wp\/v2\/comments?post=998"}],"version-history":[{"count":0,"href":"https:\/\/hemacut.cz\/en\/wp-json\/wp\/v2\/pages\/998\/revisions"}],"wp:attachment":[{"href":"https:\/\/hemacut.cz\/en\/wp-json\/wp\/v2\/media?parent=998"}],"curies":[{"name":"wp","href":"https:\/\/api.w.org\/{rel}","templated":true}]}}